{"id":180,"date":"2024-02-04T14:54:50","date_gmt":"2024-02-04T13:54:50","guid":{"rendered":"http:\/\/psychologue-delhaye.be\/?page_id=180"},"modified":"2024-02-14T09:10:30","modified_gmt":"2024-02-14T08:10:30","slug":"mon-parcours","status":"publish","type":"page","link":"http:\/\/psychologue-delhaye.be\/index.php\/mon-parcours\/","title":{"rendered":"Mon parcours"},"content":{"rendered":"<p>[et_pb_section fb_built=\u00a0\u00bb1&Prime; _builder_version=\u00a0\u00bb4.24.0&Prime; _module_preset=\u00a0\u00bbdefault\u00a0\u00bb hover_enabled=\u00a0\u00bb0&Prime; global_colors_info=\u00a0\u00bb{}\u00a0\u00bb custom_margin_phone=\u00a0\u00bb|||0px|false|false\u00a0\u00bb sticky_enabled=\u00a0\u00bb0&Prime;][et_pb_row column_structure=\u00a0\u00bb1_2,1_2&Prime; _builder_version=\u00a0\u00bb4.24.0&Prime; _module_preset=\u00a0\u00bbdefault\u00a0\u00bb global_colors_info=\u00a0\u00bb{}\u00a0\u00bb][et_pb_column type=\u00a0\u00bb1_2&Prime; _builder_version=\u00a0\u00bb4.24.0&Prime; _module_preset=\u00a0\u00bbdefault\u00a0\u00bb global_colors_info=\u00a0\u00bb{}\u00a0\u00bb][et_pb_image src=\u00a0\u00bbhttp:\/\/psychologue-delhaye.be\/wp-content\/uploads\/2024\/02\/b3d66648ebfce57ca4551361e3bb34b5.jpeg\u00a0\u00bb title_text=\u00a0\u00bbb3d66648ebfce57ca4551361e3bb34b5&Prime; _builder_version=\u00a0\u00bb4.24.0&Prime; _module_preset=\u00a0\u00bbdefault\u00a0\u00bb global_colors_info=\u00a0\u00bb{}\u00a0\u00bb][\/et_pb_image][\/et_pb_column][et_pb_column type=\u00a0\u00bb1_2&Prime; _builder_version=\u00a0\u00bb4.24.0&Prime; _module_preset=\u00a0\u00bbdefault\u00a0\u00bb global_colors_info=\u00a0\u00bb{}\u00a0\u00bb][et_pb_text _builder_version=\u00a0\u00bb4.24.0&Prime; _module_preset=\u00a0\u00bbdefault\u00a0\u00bb custom_margin=\u00a0\u00bb3px||||false|false\u00a0\u00bb custom_padding=\u00a0\u00bb0px||||false|false\u00a0\u00bb hover_enabled=\u00a0\u00bb0&Prime; global_colors_info=\u00a0\u00bb{}\u00a0\u00bb custom_margin_last_edited=\u00a0\u00bbon|phone\u00a0\u00bb custom_margin_phone=\u00a0\u00bb0px||||false|false\u00a0\u00bb sticky_enabled=\u00a0\u00bb0&Prime; custom_margin_tablet=\u00a0\u00bb3px||||false|false\u00a0\u00bb]<\/p>\n<h1>Exp\u00e9riences<\/h1>\n<ul>\n<li>Suivis th\u00e9rapeutiques au sein d\u2019un centre de douleur chronique,<\/li>\n<li>Prise en chage de patients candidats \u00e0 la chirurgie bariatrique,<\/li>\n<li>Encadrement d\u2019enfants de 3 \u00e0 12 ans plac\u00e9s dans un service r\u00e9sidentiel pour jeune et en pouponni\u00e8re<\/li>\n<\/ul>\n<p>[\/et_pb_text][\/et_pb_column][\/et_pb_row][\/et_pb_section][et_pb_section fb_built=\u00a0\u00bb1&Prime; _builder_version=\u00a0\u00bb4.24.0&Prime; _module_preset=\u00a0\u00bbdefault\u00a0\u00bb background_image=\u00a0\u00bbhttp:\/\/psychologue-delhaye.be\/wp-content\/uploads\/2024\/02\/preparation-formation.jpg\u00a0\u00bb custom_padding=\u00a0\u00bb||363px|||\u00a0\u00bb hover_enabled=\u00a0\u00bb0&Prime; global_colors_info=\u00a0\u00bb{}\u00a0\u00bb custom_margin_phone=\u00a0\u00bb|||0px|false|false\u00a0\u00bb sticky_enabled=\u00a0\u00bb0&Prime;][\/et_pb_section][et_pb_section fb_built=\u00a0\u00bb1&Prime; admin_label=\u00a0\u00bbDoctors\u00a0\u00bb _builder_version=\u00a0\u00bb4.24.0&Prime; background_color=\u00a0\u00bb#f1f5f7&Prime; custom_padding=\u00a0\u00bb|0px||0px|true|false\u00a0\u00bb hover_enabled=\u00a0\u00bb0&Prime; global_colors_info=\u00a0\u00bb{}\u00a0\u00bb sticky_enabled=\u00a0\u00bb0&Prime; custom_margin_phone=\u00a0\u00bb|||0px|false|false\u00a0\u00bb][et_pb_row column_structure=\u00a0\u00bb1_2,1_2&Prime; custom_padding_last_edited=\u00a0\u00bbon|tablet\u00a0\u00bb _builder_version=\u00a0\u00bb4.24.0&Prime; custom_padding=\u00a0\u00bb|||\u00a0\u00bb custom_padding_tablet=\u00a0\u00bb100px||50px|\u00a0\u00bb custom_padding_phone=\u00a0\u00bb0px||0px||false|false\u00a0\u00bb hover_enabled=\u00a0\u00bb0&Prime; global_colors_info=\u00a0\u00bb{}\u00a0\u00bb sticky_enabled=\u00a0\u00bb0&Prime;][et_pb_column type=\u00a0\u00bb1_2&Prime; _builder_version=\u00a0\u00bb4.16&Prime; custom_padding=\u00a0\u00bb|||\u00a0\u00bb global_colors_info=\u00a0\u00bb{}\u00a0\u00bb custom_padding__hover=\u00a0\u00bb|||\u00a0\u00bb][et_pb_text _builder_version=\u00a0\u00bb4.24.0&Prime; _module_preset=\u00a0\u00bbdefault\u00a0\u00bb animation_style=\u00a0\u00bbfade\u00a0\u00bb animation_duration=\u00a0\u00bb1150ms\u00a0\u00bb global_colors_info=\u00a0\u00bb{}\u00a0\u00bb]<\/p>\n<h1>Formations<\/h1>\n<p>&nbsp;<\/p>\n<ul>\n<li>Master en th\u00e9rapie cognitive comportementale,<\/li>\n<li>Formation en\n<ul>\n<li>th\u00e9rapie br\u00e8ve,<\/li>\n<li>EMDR,<\/li>\n<li>pleine conscience,<\/li>\n<li>en auto-hypnose,<\/li>\n<li>burn-out parental et professionnel,<\/li>\n<li>harc\u00e8lement scolaire,<\/li>\n<li>stress post-traumatique<\/li>\n<\/ul>\n<\/li>\n<\/ul>\n<p>[\/et_pb_text][\/et_pb_column][et_pb_column type=\u00a0\u00bb1_2&Prime; _builder_version=\u00a0\u00bb4.16&Prime; custom_padding=\u00a0\u00bb|||\u00a0\u00bb global_colors_info=\u00a0\u00bb{}\u00a0\u00bb custom_padding__hover=\u00a0\u00bb|||\u00a0\u00bb][et_pb_image src=\u00a0\u00bbhttp:\/\/psychologue-delhaye.be\/wp-content\/uploads\/2024\/02\/POST_FORMATION-EN-LIGNE.jpg\u00a0\u00bb title_text=\u00a0\u00bbPOST_FORMATION-EN-LIGNE\u00a0\u00bb _builder_version=\u00a0\u00bb4.24.0&Prime; _module_preset=\u00a0\u00bbdefault\u00a0\u00bb global_colors_info=\u00a0\u00bb{}\u00a0\u00bb][\/et_pb_image][\/et_pb_column][\/et_pb_row][\/et_pb_section][et_pb_section fb_built=\u00a0\u00bb1&Prime; admin_label=\u00a0\u00bbFooter\u00a0\u00bb _builder_version=\u00a0\u00bb4.24.0&Prime; background_color=\u00a0\u00bb#2f8cff\u00a0\u00bb min_height=\u00a0\u00bb198px\u00a0\u00bb top_divider_height=\u00a0\u00bb660px\u00a0\u00bb top_divider_flip=\u00a0\u00bbhorizontal\u00a0\u00bb bottom_divider_style=\u00a0\u00bbclouds2&Prime; bottom_divider_color=\u00a0\u00bbrgba(255,255,255,0.08)\u00a0\u00bb bottom_divider_height=\u00a0\u00bb600px\u00a0\u00bb bottom_divider_flip=\u00a0\u00bbvertical\u00a0\u00bb hover_enabled=\u00a0\u00bb0&Prime; global_colors_info=\u00a0\u00bb{}\u00a0\u00bb sticky_enabled=\u00a0\u00bb0&Prime; custom_margin_phone=\u00a0\u00bb|||0px|false|false\u00a0\u00bb][et_pb_row column_structure=\u00a0\u00bb1_3,1_3,1_3&Prime; _builder_version=\u00a0\u00bb4.16&Prime; global_colors_info=\u00a0\u00bb{}\u00a0\u00bb][et_pb_column type=\u00a0\u00bb1_3&Prime; _builder_version=\u00a0\u00bb4.16&Prime; custom_padding=\u00a0\u00bb|||\u00a0\u00bb global_colors_info=\u00a0\u00bb{}\u00a0\u00bb custom_padding__hover=\u00a0\u00bb|||\u00a0\u00bb][et_pb_blurb title=\u00a0\u00bb0498\/34.18.26&Prime; use_icon=\u00a0\u00bbon\u00a0\u00bb font_icon=\u00a0\u00bb&#xe090;||divi||400&Prime; icon_color=\u00a0\u00bb#2f8cff\u00a0\u00bb image_icon_background_color=\u00a0\u00bb#ffffff\u00a0\u00bb icon_placement=\u00a0\u00bbleft\u00a0\u00bb image_icon_width=\u00a0\u00bb16px\u00a0\u00bb _builder_version=\u00a0\u00bb4.24.0&Prime; header_font=\u00a0\u00bbMontserrat||||||||\u00a0\u00bb header_text_color=\u00a0\u00bb#ffffff\u00a0\u00bb header_font_size=\u00a0\u00bb20px\u00a0\u00bb header_line_height=\u00a0\u00bb1.7em\u00a0\u00bb image_icon_custom_padding=\u00a0\u00bb8px|8px|8px|8px|false|false\u00a0\u00bb border_radii_image=\u00a0\u00bbon|100%|100%|100%|100%\u00a0\u00bb icon_font_size=\u00a0\u00bb16px\u00a0\u00bb use_circle=\u00a0\u00bbon\u00a0\u00bb circle_color=\u00a0\u00bb#ffffff\u00a0\u00bb global_colors_info=\u00a0\u00bb{}\u00a0\u00bb image_icon_background_color__sticky_enabled=\u00a0\u00bb#7EBEC5&Prime; image_icon_background_color__sticky=\u00a0\u00bb#7EBEC5&Prime;][\/et_pb_blurb][\/et_pb_column][et_pb_column type=\u00a0\u00bb1_3&Prime; _builder_version=\u00a0\u00bb4.16&Prime; custom_padding=\u00a0\u00bb|||\u00a0\u00bb global_colors_info=\u00a0\u00bb{}\u00a0\u00bb custom_padding__hover=\u00a0\u00bb|||\u00a0\u00bb][et_pb_blurb title=\u00a0\u00bbdelhayece@gmail.com\u00a0\u00bb use_icon=\u00a0\u00bbon\u00a0\u00bb font_icon=\u00a0\u00bb&#xe076;||divi||400&Prime; icon_color=\u00a0\u00bb#2f8cff\u00a0\u00bb image_icon_background_color=\u00a0\u00bb#ffffff\u00a0\u00bb icon_placement=\u00a0\u00bbleft\u00a0\u00bb image_icon_width=\u00a0\u00bb16px\u00a0\u00bb _builder_version=\u00a0\u00bb4.24.0&Prime; header_font=\u00a0\u00bbMontserrat||||||||\u00a0\u00bb header_text_color=\u00a0\u00bb#ffffff\u00a0\u00bb header_font_size=\u00a0\u00bb20px\u00a0\u00bb header_line_height=\u00a0\u00bb1.7em\u00a0\u00bb image_icon_custom_padding=\u00a0\u00bb8px|8px|8px|8px|false|false\u00a0\u00bb border_radii_image=\u00a0\u00bbon|100%|100%|100%|100%\u00a0\u00bb icon_font_size=\u00a0\u00bb16px\u00a0\u00bb use_circle=\u00a0\u00bbon\u00a0\u00bb circle_color=\u00a0\u00bb#ffffff\u00a0\u00bb locked=\u00a0\u00bboff\u00a0\u00bb global_colors_info=\u00a0\u00bb{}\u00a0\u00bb image_icon_background_color__sticky_enabled=\u00a0\u00bb#7EBEC5&Prime; image_icon_background_color__sticky=\u00a0\u00bb#7EBEC5&Prime;][\/et_pb_blurb][\/et_pb_column][et_pb_column type=\u00a0\u00bb1_3&Prime; _builder_version=\u00a0\u00bb4.16&Prime; custom_padding=\u00a0\u00bb|||\u00a0\u00bb global_colors_info=\u00a0\u00bb{}\u00a0\u00bb custom_padding__hover=\u00a0\u00bb|||\u00a0\u00bb][et_pb_blurb title=\u00a0\u00bb9 rue de la cornette 7133 Buvrinnes\u00a0\u00bb use_icon=\u00a0\u00bbon\u00a0\u00bb font_icon=\u00a0\u00bb&#xe081;||divi||400&Prime; icon_color=\u00a0\u00bb#2f8cff\u00a0\u00bb image_icon_background_color=\u00a0\u00bb#ffffff\u00a0\u00bb icon_placement=\u00a0\u00bbleft\u00a0\u00bb image_icon_width=\u00a0\u00bb16px\u00a0\u00bb _builder_version=\u00a0\u00bb4.24.0&Prime; header_font=\u00a0\u00bbMontserrat||||||||\u00a0\u00bb header_text_color=\u00a0\u00bb#ffffff\u00a0\u00bb header_font_size=\u00a0\u00bb20px\u00a0\u00bb header_line_height=\u00a0\u00bb1.7em\u00a0\u00bb image_icon_custom_padding=\u00a0\u00bb8px|8px|8px|8px|false|false\u00a0\u00bb custom_padding=\u00a0\u00bb|32px||||\u00a0\u00bb border_radii_image=\u00a0\u00bbon|100%|100%|100%|100%\u00a0\u00bb icon_font_size=\u00a0\u00bb16px\u00a0\u00bb use_circle=\u00a0\u00bbon\u00a0\u00bb circle_color=\u00a0\u00bb#ffffff\u00a0\u00bb locked=\u00a0\u00bboff\u00a0\u00bb global_colors_info=\u00a0\u00bb{}\u00a0\u00bb image_icon_background_color__sticky_enabled=\u00a0\u00bb#7EBEC5&Prime; image_icon_background_color__sticky=\u00a0\u00bb#7EBEC5&Prime;][\/et_pb_blurb][\/et_pb_column][\/et_pb_row][\/et_pb_section]<\/p>\n","protected":false},"excerpt":{"rendered":"<p>Exp\u00e9riences Suivis th\u00e9rapeutiques au sein d\u2019un centre de douleur chronique, Prise en chage de patients candidats \u00e0 la chirurgie bariatrique, Encadrement d\u2019enfants de 3 \u00e0 12 ans plac\u00e9s dans un service r\u00e9sidentiel pour jeune et en pouponni\u00e8re Formations &nbsp; Master en th\u00e9rapie cognitive comportementale, Formation en th\u00e9rapie br\u00e8ve, EMDR, pleine conscience, en auto-hypnose, burn-out parental [&hellip;]<\/p>\n","protected":false},"author":1,"featured_media":0,"parent":0,"menu_order":0,"comment_status":"closed","ping_status":"closed","template":"","meta":{"_et_pb_use_builder":"on","_et_pb_old_content":"","_et_gb_content_width":"","footnotes":""},"class_list":["post-180","page","type-page","status-publish","hentry"],"yoast_head":"<!-- This site is optimized with the Yoast SEO plugin v21.9.1 - https:\/\/yoast.com\/wordpress\/plugins\/seo\/ -->\n<title>Mon parcours - C\u00e9line Delhaye | Psychologue<\/title>\n<meta name=\"robots\" content=\"index, follow, max-snippet:-1, max-image-preview:large, max-video-preview:-1\" \/>\n<link rel=\"canonical\" href=\"https:\/\/psychologue-delhaye.be\/index.php\/mon-parcours\/\" \/>\n<meta property=\"og:locale\" content=\"fr_FR\" \/>\n<meta property=\"og:type\" content=\"article\" \/>\n<meta property=\"og:title\" content=\"Mon parcours - C\u00e9line Delhaye | Psychologue\" \/>\n<meta property=\"og:description\" content=\"Exp\u00e9riences Suivis th\u00e9rapeutiques au sein d\u2019un centre de douleur chronique, Prise en chage de patients candidats \u00e0 la chirurgie bariatrique, Encadrement d\u2019enfants de 3 \u00e0 12 ans plac\u00e9s dans un service r\u00e9sidentiel pour jeune et en pouponni\u00e8re Formations &nbsp; Master en th\u00e9rapie cognitive comportementale, Formation en th\u00e9rapie br\u00e8ve, EMDR, pleine conscience, en auto-hypnose, burn-out parental [&hellip;]\" \/>\n<meta property=\"og:url\" content=\"https:\/\/psychologue-delhaye.be\/index.php\/mon-parcours\/\" \/>\n<meta property=\"og:site_name\" content=\"C\u00e9line Delhaye\" \/>\n<meta property=\"article:publisher\" content=\"https:\/\/www.facebook.com\/profile.php?id=100054234020234\" \/>\n<meta property=\"article:modified_time\" content=\"2024-02-14T08:10:30+00:00\" \/>\n<meta name=\"twitter:card\" content=\"summary_large_image\" \/>\n<meta name=\"twitter:label1\" content=\"Dur\u00e9e de lecture estim\u00e9e\" \/>\n\t<meta name=\"twitter:data1\" content=\"4 minutes\" \/>\n<script type=\"application\/ld+json\" class=\"yoast-schema-graph\">{\"@context\":\"https:\/\/schema.org\",\"@graph\":[{\"@type\":\"WebPage\",\"@id\":\"https:\/\/psychologue-delhaye.be\/index.php\/mon-parcours\/\",\"url\":\"https:\/\/psychologue-delhaye.be\/index.php\/mon-parcours\/\",\"name\":\"Mon parcours - C\u00e9line Delhaye | Psychologue\",\"isPartOf\":{\"@id\":\"http:\/\/psychologue-delhaye.be\/#website\"},\"datePublished\":\"2024-02-04T13:54:50+00:00\",\"dateModified\":\"2024-02-14T08:10:30+00:00\",\"breadcrumb\":{\"@id\":\"https:\/\/psychologue-delhaye.be\/index.php\/mon-parcours\/#breadcrumb\"},\"inLanguage\":\"fr-FR\",\"potentialAction\":[{\"@type\":\"ReadAction\",\"target\":[\"https:\/\/psychologue-delhaye.be\/index.php\/mon-parcours\/\"]}]},{\"@type\":\"BreadcrumbList\",\"@id\":\"https:\/\/psychologue-delhaye.be\/index.php\/mon-parcours\/#breadcrumb\",\"itemListElement\":[{\"@type\":\"ListItem\",\"position\":1,\"name\":\"Accueil\",\"item\":\"http:\/\/psychologue-delhaye.be\/\"},{\"@type\":\"ListItem\",\"position\":2,\"name\":\"Mon parcours\"}]},{\"@type\":\"WebSite\",\"@id\":\"http:\/\/psychologue-delhaye.be\/#website\",\"url\":\"http:\/\/psychologue-delhaye.be\/\",\"name\":\"C\u00e9line Delhaye - Psychologue\",\"description\":\"\",\"publisher\":{\"@id\":\"http:\/\/psychologue-delhaye.be\/#organization\"},\"potentialAction\":[{\"@type\":\"SearchAction\",\"target\":{\"@type\":\"EntryPoint\",\"urlTemplate\":\"http:\/\/psychologue-delhaye.be\/?s={search_term_string}\"},\"query-input\":\"required name=search_term_string\"}],\"inLanguage\":\"fr-FR\"},{\"@type\":\"Organization\",\"@id\":\"http:\/\/psychologue-delhaye.be\/#organization\",\"name\":\"C\u00e9line Delhaye - Psychologue\",\"url\":\"http:\/\/psychologue-delhaye.be\/\",\"logo\":{\"@type\":\"ImageObject\",\"inLanguage\":\"fr-FR\",\"@id\":\"http:\/\/psychologue-delhaye.be\/#\/schema\/logo\/image\/\",\"url\":\"http:\/\/psychologue-delhaye.be\/wp-content\/uploads\/2024\/02\/cropped-cd.png\",\"contentUrl\":\"http:\/\/psychologue-delhaye.be\/wp-content\/uploads\/2024\/02\/cropped-cd.png\",\"width\":512,\"height\":512,\"caption\":\"C\u00e9line Delhaye - Psychologue\"},\"image\":{\"@id\":\"http:\/\/psychologue-delhaye.be\/#\/schema\/logo\/image\/\"},\"sameAs\":[\"https:\/\/www.facebook.com\/profile.php?id=100054234020234\"]}]}<\/script>\n<!-- \/ Yoast SEO plugin. -->","yoast_head_json":{"title":"Mon parcours - C\u00e9line Delhaye | Psychologue","robots":{"index":"index","follow":"follow","max-snippet":"max-snippet:-1","max-image-preview":"max-image-preview:large","max-video-preview":"max-video-preview:-1"},"canonical":"https:\/\/psychologue-delhaye.be\/index.php\/mon-parcours\/","og_locale":"fr_FR","og_type":"article","og_title":"Mon parcours - C\u00e9line Delhaye | Psychologue","og_description":"Exp\u00e9riences Suivis th\u00e9rapeutiques au sein d\u2019un centre de douleur chronique, Prise en chage de patients candidats \u00e0 la chirurgie bariatrique, Encadrement d\u2019enfants de 3 \u00e0 12 ans plac\u00e9s dans un service r\u00e9sidentiel pour jeune et en pouponni\u00e8re Formations &nbsp; Master en th\u00e9rapie cognitive comportementale, Formation en th\u00e9rapie br\u00e8ve, EMDR, pleine conscience, en auto-hypnose, burn-out parental [&hellip;]","og_url":"https:\/\/psychologue-delhaye.be\/index.php\/mon-parcours\/","og_site_name":"C\u00e9line Delhaye","article_publisher":"https:\/\/www.facebook.com\/profile.php?id=100054234020234","article_modified_time":"2024-02-14T08:10:30+00:00","twitter_card":"summary_large_image","twitter_misc":{"Dur\u00e9e de lecture estim\u00e9e":"4 minutes"},"schema":{"@context":"https:\/\/schema.org","@graph":[{"@type":"WebPage","@id":"https:\/\/psychologue-delhaye.be\/index.php\/mon-parcours\/","url":"https:\/\/psychologue-delhaye.be\/index.php\/mon-parcours\/","name":"Mon parcours - C\u00e9line Delhaye | Psychologue","isPartOf":{"@id":"http:\/\/psychologue-delhaye.be\/#website"},"datePublished":"2024-02-04T13:54:50+00:00","dateModified":"2024-02-14T08:10:30+00:00","breadcrumb":{"@id":"https:\/\/psychologue-delhaye.be\/index.php\/mon-parcours\/#breadcrumb"},"inLanguage":"fr-FR","potentialAction":[{"@type":"ReadAction","target":["https:\/\/psychologue-delhaye.be\/index.php\/mon-parcours\/"]}]},{"@type":"BreadcrumbList","@id":"https:\/\/psychologue-delhaye.be\/index.php\/mon-parcours\/#breadcrumb","itemListElement":[{"@type":"ListItem","position":1,"name":"Accueil","item":"http:\/\/psychologue-delhaye.be\/"},{"@type":"ListItem","position":2,"name":"Mon parcours"}]},{"@type":"WebSite","@id":"http:\/\/psychologue-delhaye.be\/#website","url":"http:\/\/psychologue-delhaye.be\/","name":"C\u00e9line Delhaye - Psychologue","description":"","publisher":{"@id":"http:\/\/psychologue-delhaye.be\/#organization"},"potentialAction":[{"@type":"SearchAction","target":{"@type":"EntryPoint","urlTemplate":"http:\/\/psychologue-delhaye.be\/?s={search_term_string}"},"query-input":"required name=search_term_string"}],"inLanguage":"fr-FR"},{"@type":"Organization","@id":"http:\/\/psychologue-delhaye.be\/#organization","name":"C\u00e9line Delhaye - Psychologue","url":"http:\/\/psychologue-delhaye.be\/","logo":{"@type":"ImageObject","inLanguage":"fr-FR","@id":"http:\/\/psychologue-delhaye.be\/#\/schema\/logo\/image\/","url":"http:\/\/psychologue-delhaye.be\/wp-content\/uploads\/2024\/02\/cropped-cd.png","contentUrl":"http:\/\/psychologue-delhaye.be\/wp-content\/uploads\/2024\/02\/cropped-cd.png","width":512,"height":512,"caption":"C\u00e9line Delhaye - Psychologue"},"image":{"@id":"http:\/\/psychologue-delhaye.be\/#\/schema\/logo\/image\/"},"sameAs":["https:\/\/www.facebook.com\/profile.php?id=100054234020234"]}]}},"_links":{"self":[{"href":"http:\/\/psychologue-delhaye.be\/index.php\/wp-json\/wp\/v2\/pages\/180","targetHints":{"allow":["GET"]}}],"collection":[{"href":"http:\/\/psychologue-delhaye.be\/index.php\/wp-json\/wp\/v2\/pages"}],"about":[{"href":"http:\/\/psychologue-delhaye.be\/index.php\/wp-json\/wp\/v2\/types\/page"}],"author":[{"embeddable":true,"href":"http:\/\/psychologue-delhaye.be\/index.php\/wp-json\/wp\/v2\/users\/1"}],"replies":[{"embeddable":true,"href":"http:\/\/psychologue-delhaye.be\/index.php\/wp-json\/wp\/v2\/comments?post=180"}],"version-history":[{"count":7,"href":"http:\/\/psychologue-delhaye.be\/index.php\/wp-json\/wp\/v2\/pages\/180\/revisions"}],"predecessor-version":[{"id":332,"href":"http:\/\/psychologue-delhaye.be\/index.php\/wp-json\/wp\/v2\/pages\/180\/revisions\/332"}],"wp:attachment":[{"href":"http:\/\/psychologue-delhaye.be\/index.php\/wp-json\/wp\/v2\/media?parent=180"}],"curies":[{"name":"wp","href":"https:\/\/api.w.org\/{rel}","templated":true}]}}