{"id":354,"date":"2025-01-03T15:24:47","date_gmt":"2025-01-03T14:24:47","guid":{"rendered":"http:\/\/psychologue-delhaye.be\/?page_id=354"},"modified":"2025-01-03T18:03:03","modified_gmt":"2025-01-03T17:03:03","slug":"formation-garde","status":"publish","type":"page","link":"http:\/\/psychologue-delhaye.be\/index.php\/formation-garde\/","title":{"rendered":"Formation &#8211; garde"},"content":{"rendered":"<p>[et_pb_section fb_built=\u00a0\u00bb1&Prime; _builder_version=\u00a0\u00bb4.24.0&Prime; _module_preset=\u00a0\u00bbdefault\u00a0\u00bb custom_margin_phone=\u00a0\u00bb|||0px|false|false\u00a0\u00bb global_colors_info=\u00a0\u00bb{}\u00a0\u00bb][et_pb_row column_structure=\u00a0\u00bb1_2,1_2&Prime; _builder_version=\u00a0\u00bb4.24.0&Prime; _module_preset=\u00a0\u00bbdefault\u00a0\u00bb global_colors_info=\u00a0\u00bb{}\u00a0\u00bb][et_pb_column type=\u00a0\u00bb1_2&Prime; _builder_version=\u00a0\u00bb4.24.0&Prime; _module_preset=\u00a0\u00bbdefault\u00a0\u00bb global_colors_info=\u00a0\u00bb{}\u00a0\u00bb][et_pb_text _builder_version=\u00a0\u00bb4.24.0&Prime; _module_preset=\u00a0\u00bbdefault\u00a0\u00bb global_colors_info=\u00a0\u00bb{}\u00a0\u00bb]<\/p>\n<h1>Formations<\/h1>\n<p>&nbsp;<\/p>\n<p>Depuis peu, je dispense des formations destin\u00e9es aux professionnels de la sant\u00e9.<\/p>\n<p>Diff\u00e9rents th\u00e8mes sont abord\u00e9s. Je vous invite \u00e0 d\u00e9couvrir le d\u00e9tail de ces formations sur les pages d\u00e9di\u00e9es.<\/p>\n<p>Voici les sujets propos\u00e9s :<\/p>\n<ul>\n<li style=\"list-style-type: none;\">\n<ul>\n<li>Prendre soin de soi en tant que professionnels de la sant\u00e9 confront\u00e9s aux victimes de violences sexuelles<\/li>\n<li>Les violences sexuelles chez les enfants et les adolescents<\/li>\n<\/ul>\n<\/li>\n<\/ul>\n<p>[\/et_pb_text][\/et_pb_column][et_pb_column type=\u00a0\u00bb1_2&Prime; _builder_version=\u00a0\u00bb4.24.0&Prime; _module_preset=\u00a0\u00bbdefault\u00a0\u00bb global_colors_info=\u00a0\u00bb{}\u00a0\u00bb][et_pb_image src=\u00a0\u00bbhttp:\/\/psychologue-delhaye.be\/wp-content\/uploads\/2025\/01\/formation-titre.png\u00a0\u00bb title_text=\u00a0\u00bbformation titre\u00a0\u00bb _builder_version=\u00a0\u00bb4.24.0&Prime; _module_preset=\u00a0\u00bbdefault\u00a0\u00bb global_colors_info=\u00a0\u00bb{}\u00a0\u00bb][\/et_pb_image][\/et_pb_column][\/et_pb_row][\/et_pb_section][et_pb_section fb_built=\u00a0\u00bb1&Prime; admin_label=\u00a0\u00bbFooter\u00a0\u00bb _builder_version=\u00a0\u00bb4.24.0&Prime; background_color=\u00a0\u00bb#2f8cff\u00a0\u00bb min_height=\u00a0\u00bb110px\u00a0\u00bb custom_margin_phone=\u00a0\u00bb|||0px|false|false\u00a0\u00bb top_divider_height=\u00a0\u00bb660px\u00a0\u00bb top_divider_flip=\u00a0\u00bbhorizontal\u00a0\u00bb bottom_divider_style=\u00a0\u00bbclouds2&Prime; bottom_divider_color=\u00a0\u00bbrgba(255,255,255,0.08)\u00a0\u00bb bottom_divider_height=\u00a0\u00bb600px\u00a0\u00bb bottom_divider_flip=\u00a0\u00bbvertical\u00a0\u00bb global_colors_info=\u00a0\u00bb{}\u00a0\u00bb custom_padding=\u00a0\u00bb9px||5px||false|false\u00a0\u00bb][et_pb_row column_structure=\u00a0\u00bb1_3,1_3,1_3&Prime; _builder_version=\u00a0\u00bb4.16&Prime; global_colors_info=\u00a0\u00bb{}\u00a0\u00bb custom_margin=\u00a0\u00bb38px|auto||auto||\u00a0\u00bb min_height=\u00a0\u00bb61px\u00a0\u00bb][et_pb_column type=\u00a0\u00bb1_3&Prime; _builder_version=\u00a0\u00bb4.16&Prime; custom_padding=\u00a0\u00bb|||\u00a0\u00bb global_colors_info=\u00a0\u00bb{}\u00a0\u00bb custom_padding__hover=\u00a0\u00bb|||\u00a0\u00bb][et_pb_blurb title=\u00a0\u00bb0498\/34.18.26&Prime; use_icon=\u00a0\u00bbon\u00a0\u00bb font_icon=\u00a0\u00bb&#xe090;||divi||400&Prime; icon_color=\u00a0\u00bb#2f8cff\u00a0\u00bb image_icon_background_color=\u00a0\u00bb#ffffff\u00a0\u00bb icon_placement=\u00a0\u00bbleft\u00a0\u00bb image_icon_width=\u00a0\u00bb16px\u00a0\u00bb _builder_version=\u00a0\u00bb4.24.0&Prime; header_font=\u00a0\u00bbMontserrat||||||||\u00a0\u00bb header_text_color=\u00a0\u00bb#ffffff\u00a0\u00bb header_font_size=\u00a0\u00bb20px\u00a0\u00bb header_line_height=\u00a0\u00bb1.7em\u00a0\u00bb image_icon_custom_padding=\u00a0\u00bb8px|8px|8px|8px|false|false\u00a0\u00bb border_radii_image=\u00a0\u00bbon|100%|100%|100%|100%\u00a0\u00bb icon_font_size=\u00a0\u00bb16px\u00a0\u00bb use_circle=\u00a0\u00bbon\u00a0\u00bb circle_color=\u00a0\u00bb#ffffff\u00a0\u00bb global_colors_info=\u00a0\u00bb{}\u00a0\u00bb image_icon_background_color__sticky_enabled=\u00a0\u00bb#7EBEC5&Prime; image_icon_background_color__sticky=\u00a0\u00bb#7EBEC5&Prime;][\/et_pb_blurb][\/et_pb_column][et_pb_column type=\u00a0\u00bb1_3&Prime; _builder_version=\u00a0\u00bb4.16&Prime; custom_padding=\u00a0\u00bb|||\u00a0\u00bb global_colors_info=\u00a0\u00bb{}\u00a0\u00bb custom_padding__hover=\u00a0\u00bb|||\u00a0\u00bb][et_pb_blurb title=\u00a0\u00bbdelhayece@gmail.com\u00a0\u00bb use_icon=\u00a0\u00bbon\u00a0\u00bb font_icon=\u00a0\u00bb&#xe076;||divi||400&Prime; icon_color=\u00a0\u00bb#2f8cff\u00a0\u00bb image_icon_background_color=\u00a0\u00bb#ffffff\u00a0\u00bb icon_placement=\u00a0\u00bbleft\u00a0\u00bb image_icon_width=\u00a0\u00bb16px\u00a0\u00bb _builder_version=\u00a0\u00bb4.24.0&Prime; header_font=\u00a0\u00bbMontserrat||||||||\u00a0\u00bb header_text_color=\u00a0\u00bb#ffffff\u00a0\u00bb header_font_size=\u00a0\u00bb20px\u00a0\u00bb header_line_height=\u00a0\u00bb1.7em\u00a0\u00bb image_icon_custom_padding=\u00a0\u00bb8px|8px|8px|8px|false|false\u00a0\u00bb border_radii_image=\u00a0\u00bbon|100%|100%|100%|100%\u00a0\u00bb icon_font_size=\u00a0\u00bb16px\u00a0\u00bb use_circle=\u00a0\u00bbon\u00a0\u00bb circle_color=\u00a0\u00bb#ffffff\u00a0\u00bb locked=\u00a0\u00bboff\u00a0\u00bb global_colors_info=\u00a0\u00bb{}\u00a0\u00bb image_icon_background_color__sticky_enabled=\u00a0\u00bb#7EBEC5&Prime; image_icon_background_color__sticky=\u00a0\u00bb#7EBEC5&Prime;][\/et_pb_blurb][\/et_pb_column][et_pb_column type=\u00a0\u00bb1_3&Prime; _builder_version=\u00a0\u00bb4.16&Prime; custom_padding=\u00a0\u00bb|||\u00a0\u00bb global_colors_info=\u00a0\u00bb{}\u00a0\u00bb custom_padding__hover=\u00a0\u00bb|||\u00a0\u00bb][et_pb_blurb title=\u00a0\u00bb9 rue de la cornette 7133 Buvrinnes\u00a0\u00bb use_icon=\u00a0\u00bbon\u00a0\u00bb font_icon=\u00a0\u00bb&#xe081;||divi||400&Prime; icon_color=\u00a0\u00bb#2f8cff\u00a0\u00bb image_icon_background_color=\u00a0\u00bb#ffffff\u00a0\u00bb icon_placement=\u00a0\u00bbleft\u00a0\u00bb image_icon_width=\u00a0\u00bb16px\u00a0\u00bb _builder_version=\u00a0\u00bb4.24.0&Prime; header_font=\u00a0\u00bbMontserrat||||||||\u00a0\u00bb header_text_color=\u00a0\u00bb#ffffff\u00a0\u00bb header_font_size=\u00a0\u00bb20px\u00a0\u00bb header_line_height=\u00a0\u00bb1.7em\u00a0\u00bb image_icon_custom_padding=\u00a0\u00bb8px|8px|8px|8px|false|false\u00a0\u00bb custom_padding=\u00a0\u00bb|32px||||\u00a0\u00bb border_radii_image=\u00a0\u00bbon|100%|100%|100%|100%\u00a0\u00bb icon_font_size=\u00a0\u00bb16px\u00a0\u00bb use_circle=\u00a0\u00bbon\u00a0\u00bb circle_color=\u00a0\u00bb#ffffff\u00a0\u00bb locked=\u00a0\u00bboff\u00a0\u00bb global_colors_info=\u00a0\u00bb{}\u00a0\u00bb image_icon_background_color__sticky_enabled=\u00a0\u00bb#7EBEC5&Prime; image_icon_background_color__sticky=\u00a0\u00bb#7EBEC5&Prime;][\/et_pb_blurb][\/et_pb_column][\/et_pb_row][\/et_pb_section]<\/p>\n","protected":false},"excerpt":{"rendered":"<p>Formations &nbsp; Depuis peu, je dispense des formations destin\u00e9es aux professionnels de la sant\u00e9. Diff\u00e9rents th\u00e8mes sont abord\u00e9s. Je vous invite \u00e0 d\u00e9couvrir le d\u00e9tail de ces formations sur les pages d\u00e9di\u00e9es. Voici les sujets propos\u00e9s : Prendre soin de soi en tant que professionnels de la sant\u00e9 confront\u00e9s aux victimes de violences sexuelles Les [&hellip;]<\/p>\n","protected":false},"author":1,"featured_media":0,"parent":0,"menu_order":0,"comment_status":"closed","ping_status":"closed","template":"","meta":{"_et_pb_use_builder":"on","_et_pb_old_content":"","_et_gb_content_width":"","footnotes":""},"class_list":["post-354","page","type-page","status-publish","hentry"],"yoast_head":"<!-- This site is optimized with the Yoast SEO plugin v21.9.1 - https:\/\/yoast.com\/wordpress\/plugins\/seo\/ -->\n<title>Formation - garde - C\u00e9line Delhaye | Psychologue<\/title>\n<meta name=\"robots\" content=\"index, follow, max-snippet:-1, max-image-preview:large, max-video-preview:-1\" \/>\n<link rel=\"canonical\" href=\"http:\/\/psychologue-delhaye.be\/index.php\/formation-garde\/\" \/>\n<meta property=\"og:locale\" content=\"fr_FR\" \/>\n<meta property=\"og:type\" content=\"article\" \/>\n<meta property=\"og:title\" content=\"Formation - garde - C\u00e9line Delhaye | Psychologue\" \/>\n<meta property=\"og:description\" content=\"Formations &nbsp; Depuis peu, je dispense des formations destin\u00e9es aux professionnels de la sant\u00e9. Diff\u00e9rents th\u00e8mes sont abord\u00e9s. Je vous invite \u00e0 d\u00e9couvrir le d\u00e9tail de ces formations sur les pages d\u00e9di\u00e9es. Voici les sujets propos\u00e9s : Prendre soin de soi en tant que professionnels de la sant\u00e9 confront\u00e9s aux victimes de violences sexuelles Les [&hellip;]\" \/>\n<meta property=\"og:url\" content=\"http:\/\/psychologue-delhaye.be\/index.php\/formation-garde\/\" \/>\n<meta property=\"og:site_name\" content=\"C\u00e9line Delhaye\" \/>\n<meta property=\"article:publisher\" content=\"https:\/\/www.facebook.com\/profile.php?id=100054234020234\" \/>\n<meta property=\"article:modified_time\" content=\"2025-01-03T17:03:03+00:00\" \/>\n<meta name=\"twitter:card\" content=\"summary_large_image\" \/>\n<script type=\"application\/ld+json\" class=\"yoast-schema-graph\">{\"@context\":\"https:\/\/schema.org\",\"@graph\":[{\"@type\":\"WebPage\",\"@id\":\"http:\/\/psychologue-delhaye.be\/index.php\/formation-garde\/\",\"url\":\"http:\/\/psychologue-delhaye.be\/index.php\/formation-garde\/\",\"name\":\"Formation - garde - C\u00e9line Delhaye | Psychologue\",\"isPartOf\":{\"@id\":\"http:\/\/psychologue-delhaye.be\/#website\"},\"datePublished\":\"2025-01-03T14:24:47+00:00\",\"dateModified\":\"2025-01-03T17:03:03+00:00\",\"breadcrumb\":{\"@id\":\"http:\/\/psychologue-delhaye.be\/index.php\/formation-garde\/#breadcrumb\"},\"inLanguage\":\"fr-FR\",\"potentialAction\":[{\"@type\":\"ReadAction\",\"target\":[\"http:\/\/psychologue-delhaye.be\/index.php\/formation-garde\/\"]}]},{\"@type\":\"BreadcrumbList\",\"@id\":\"http:\/\/psychologue-delhaye.be\/index.php\/formation-garde\/#breadcrumb\",\"itemListElement\":[{\"@type\":\"ListItem\",\"position\":1,\"name\":\"Accueil\",\"item\":\"http:\/\/psychologue-delhaye.be\/\"},{\"@type\":\"ListItem\",\"position\":2,\"name\":\"Formation &#8211; garde\"}]},{\"@type\":\"WebSite\",\"@id\":\"http:\/\/psychologue-delhaye.be\/#website\",\"url\":\"http:\/\/psychologue-delhaye.be\/\",\"name\":\"C\u00e9line Delhaye - Psychologue\",\"description\":\"\",\"publisher\":{\"@id\":\"http:\/\/psychologue-delhaye.be\/#organization\"},\"potentialAction\":[{\"@type\":\"SearchAction\",\"target\":{\"@type\":\"EntryPoint\",\"urlTemplate\":\"http:\/\/psychologue-delhaye.be\/?s={search_term_string}\"},\"query-input\":\"required name=search_term_string\"}],\"inLanguage\":\"fr-FR\"},{\"@type\":\"Organization\",\"@id\":\"http:\/\/psychologue-delhaye.be\/#organization\",\"name\":\"C\u00e9line Delhaye - Psychologue\",\"url\":\"http:\/\/psychologue-delhaye.be\/\",\"logo\":{\"@type\":\"ImageObject\",\"inLanguage\":\"fr-FR\",\"@id\":\"http:\/\/psychologue-delhaye.be\/#\/schema\/logo\/image\/\",\"url\":\"http:\/\/psychologue-delhaye.be\/wp-content\/uploads\/2024\/02\/cropped-cd.png\",\"contentUrl\":\"http:\/\/psychologue-delhaye.be\/wp-content\/uploads\/2024\/02\/cropped-cd.png\",\"width\":512,\"height\":512,\"caption\":\"C\u00e9line Delhaye - Psychologue\"},\"image\":{\"@id\":\"http:\/\/psychologue-delhaye.be\/#\/schema\/logo\/image\/\"},\"sameAs\":[\"https:\/\/www.facebook.com\/profile.php?id=100054234020234\"]}]}<\/script>\n<!-- \/ Yoast SEO plugin. -->","yoast_head_json":{"title":"Formation - garde - C\u00e9line Delhaye | Psychologue","robots":{"index":"index","follow":"follow","max-snippet":"max-snippet:-1","max-image-preview":"max-image-preview:large","max-video-preview":"max-video-preview:-1"},"canonical":"http:\/\/psychologue-delhaye.be\/index.php\/formation-garde\/","og_locale":"fr_FR","og_type":"article","og_title":"Formation - garde - C\u00e9line Delhaye | Psychologue","og_description":"Formations &nbsp; Depuis peu, je dispense des formations destin\u00e9es aux professionnels de la sant\u00e9. Diff\u00e9rents th\u00e8mes sont abord\u00e9s. Je vous invite \u00e0 d\u00e9couvrir le d\u00e9tail de ces formations sur les pages d\u00e9di\u00e9es. Voici les sujets propos\u00e9s : Prendre soin de soi en tant que professionnels de la sant\u00e9 confront\u00e9s aux victimes de violences sexuelles Les [&hellip;]","og_url":"http:\/\/psychologue-delhaye.be\/index.php\/formation-garde\/","og_site_name":"C\u00e9line Delhaye","article_publisher":"https:\/\/www.facebook.com\/profile.php?id=100054234020234","article_modified_time":"2025-01-03T17:03:03+00:00","twitter_card":"summary_large_image","schema":{"@context":"https:\/\/schema.org","@graph":[{"@type":"WebPage","@id":"http:\/\/psychologue-delhaye.be\/index.php\/formation-garde\/","url":"http:\/\/psychologue-delhaye.be\/index.php\/formation-garde\/","name":"Formation - garde - C\u00e9line Delhaye | Psychologue","isPartOf":{"@id":"http:\/\/psychologue-delhaye.be\/#website"},"datePublished":"2025-01-03T14:24:47+00:00","dateModified":"2025-01-03T17:03:03+00:00","breadcrumb":{"@id":"http:\/\/psychologue-delhaye.be\/index.php\/formation-garde\/#breadcrumb"},"inLanguage":"fr-FR","potentialAction":[{"@type":"ReadAction","target":["http:\/\/psychologue-delhaye.be\/index.php\/formation-garde\/"]}]},{"@type":"BreadcrumbList","@id":"http:\/\/psychologue-delhaye.be\/index.php\/formation-garde\/#breadcrumb","itemListElement":[{"@type":"ListItem","position":1,"name":"Accueil","item":"http:\/\/psychologue-delhaye.be\/"},{"@type":"ListItem","position":2,"name":"Formation &#8211; garde"}]},{"@type":"WebSite","@id":"http:\/\/psychologue-delhaye.be\/#website","url":"http:\/\/psychologue-delhaye.be\/","name":"C\u00e9line Delhaye - Psychologue","description":"","publisher":{"@id":"http:\/\/psychologue-delhaye.be\/#organization"},"potentialAction":[{"@type":"SearchAction","target":{"@type":"EntryPoint","urlTemplate":"http:\/\/psychologue-delhaye.be\/?s={search_term_string}"},"query-input":"required name=search_term_string"}],"inLanguage":"fr-FR"},{"@type":"Organization","@id":"http:\/\/psychologue-delhaye.be\/#organization","name":"C\u00e9line Delhaye - Psychologue","url":"http:\/\/psychologue-delhaye.be\/","logo":{"@type":"ImageObject","inLanguage":"fr-FR","@id":"http:\/\/psychologue-delhaye.be\/#\/schema\/logo\/image\/","url":"http:\/\/psychologue-delhaye.be\/wp-content\/uploads\/2024\/02\/cropped-cd.png","contentUrl":"http:\/\/psychologue-delhaye.be\/wp-content\/uploads\/2024\/02\/cropped-cd.png","width":512,"height":512,"caption":"C\u00e9line Delhaye - Psychologue"},"image":{"@id":"http:\/\/psychologue-delhaye.be\/#\/schema\/logo\/image\/"},"sameAs":["https:\/\/www.facebook.com\/profile.php?id=100054234020234"]}]}},"_links":{"self":[{"href":"http:\/\/psychologue-delhaye.be\/index.php\/wp-json\/wp\/v2\/pages\/354","targetHints":{"allow":["GET"]}}],"collection":[{"href":"http:\/\/psychologue-delhaye.be\/index.php\/wp-json\/wp\/v2\/pages"}],"about":[{"href":"http:\/\/psychologue-delhaye.be\/index.php\/wp-json\/wp\/v2\/types\/page"}],"author":[{"embeddable":true,"href":"http:\/\/psychologue-delhaye.be\/index.php\/wp-json\/wp\/v2\/users\/1"}],"replies":[{"embeddable":true,"href":"http:\/\/psychologue-delhaye.be\/index.php\/wp-json\/wp\/v2\/comments?post=354"}],"version-history":[{"count":7,"href":"http:\/\/psychologue-delhaye.be\/index.php\/wp-json\/wp\/v2\/pages\/354\/revisions"}],"predecessor-version":[{"id":387,"href":"http:\/\/psychologue-delhaye.be\/index.php\/wp-json\/wp\/v2\/pages\/354\/revisions\/387"}],"wp:attachment":[{"href":"http:\/\/psychologue-delhaye.be\/index.php\/wp-json\/wp\/v2\/media?parent=354"}],"curies":[{"name":"wp","href":"https:\/\/api.w.org\/{rel}","templated":true}]}}